{"id":442,"date":"2020-03-06T11:11:58","date_gmt":"2020-03-06T11:11:58","guid":{"rendered":"https:\/\/green-dividend.com\/?page_id=442"},"modified":"2020-03-10T18:00:08","modified_gmt":"2020-03-10T18:00:08","slug":"fehl-investition","status":"publish","type":"page","link":"https:\/\/green-dividend.com\/index.php\/fehl-investition\/?lang=de","title":{"rendered":"(FEHL-) INVESTITION"},"content":{"rendered":"<div id=\"cs-content\" class=\"cs-content\"><\/div>\n","protected":false},"excerpt":{"rendered":"<p>(FEHL-) INVESTITION Wir haben Berichte \u00fcber Gr\u00fcne Anleihen im Gesamtvolumen von &nbsp;EUR 10.000.000.000 analysiert, welche Klimaschutzzielen dienen. Hiervon wurden ca. EUR 4.500.000.000 in Immobilien und ca. EUR 5.500.000.000 in erneuerbare Energien investiert. &nbsp; EinEuro, der in erneuerbare Energien investiert wurde, hatte einen81-fach gr\u00f6\u00dferen Effekt als ein in Immobilien investierter Euro. Wenn also Effektivit\u00e4t das Ziel ist, sind dann Immobilien die &#8230; <a href=\"https:\/\/green-dividend.com\/index.php\/fehl-investition\/?lang=de\" class=\"more-link\">Read More<\/a><\/p>\n","protected":false},"author":1,"featured_media":0,"parent":0,"menu_order":0,"comment_status":"closed","ping_status":"closed","template":"template-blank-4.php","meta":{"rs_blank_template":"","rs_page_bg_color":"#ffffff","slide_template_v7":"","footnotes":""},"class_list":["post-442","page","type-page","status-publish","hentry","no-post-thumbnail"],"_links":{"self":[{"href":"https:\/\/green-dividend.com\/index.php\/wp-json\/wp\/v2\/pages\/442","targetHints":{"allow":["GET"]}}],"collection":[{"href":"https:\/\/green-dividend.com\/index.php\/wp-json\/wp\/v2\/pages"}],"about":[{"href":"https:\/\/green-dividend.com\/index.php\/wp-json\/wp\/v2\/types\/page"}],"author":[{"embeddable":true,"href":"https:\/\/green-dividend.com\/index.php\/wp-json\/wp\/v2\/users\/1"}],"replies":[{"embeddable":true,"href":"https:\/\/green-dividend.com\/index.php\/wp-json\/wp\/v2\/comments?post=442"}],"version-history":[{"count":20,"href":"https:\/\/green-dividend.com\/index.php\/wp-json\/wp\/v2\/pages\/442\/revisions"}],"predecessor-version":[{"id":579,"href":"https:\/\/green-dividend.com\/index.php\/wp-json\/wp\/v2\/pages\/442\/revisions\/579"}],"wp:attachment":[{"href":"https:\/\/green-dividend.com\/index.php\/wp-json\/wp\/v2\/media?parent=442"}],"curies":[{"name":"wp","href":"https:\/\/api.w.org\/{rel}","templated":true}]}}