{"id":455,"date":"2020-03-05T16:07:39","date_gmt":"2020-03-05T16:07:39","guid":{"rendered":"https:\/\/green-dividend.com\/index.php\/gruene-dividende\/"},"modified":"2021-03-01T15:22:55","modified_gmt":"2021-03-01T15:22:55","slug":"gruene-dividende","status":"publish","type":"page","link":"https:\/\/green-dividend.com\/index.php\/gruene-dividende\/?lang=de","title":{"rendered":"GR\u00dcNE DIVIDENDE"},"content":{"rendered":"<div id=\"cs-content\" class=\"cs-content\"><\/div>\n","protected":false},"excerpt":{"rendered":"<p>Die Gr\u00fcne Dividende wurde entwickelt aufgrund der folgenden Beobachtungen und \u00dcberzeugungen Was nach finanziellen Kriterien sinnvoll ist, wird umgesetzt. Jede Investition, welche eine positive Rendite bietet und auch nachhaltig vorteilhaft ist, wird in jedem Fall umgesetzt and braucht auch keinen sonstigen zus\u00e4tzlichen Anreiz.Finanziell getriebene Ver\u00e4nderungen k\u00f6nnten nicht ausreichen Die derzeitige Geschwindigkeit der Ver\u00e4nderungen, welche durch marktgetriebene Investitionen erfolgt, reicht nicht &#8230; <a href=\"https:\/\/green-dividend.com\/index.php\/gruene-dividende\/?lang=de\" class=\"more-link\">Read More<\/a><\/p>\n","protected":false},"author":1,"featured_media":0,"parent":0,"menu_order":0,"comment_status":"closed","ping_status":"closed","template":"template-blank-4.php","meta":{"rs_blank_template":"","rs_page_bg_color":"","slide_template_v7":"","footnotes":""},"class_list":["post-455","page","type-page","status-publish","hentry","no-post-thumbnail"],"_links":{"self":[{"href":"https:\/\/green-dividend.com\/index.php\/wp-json\/wp\/v2\/pages\/455","targetHints":{"allow":["GET"]}}],"collection":[{"href":"https:\/\/green-dividend.com\/index.php\/wp-json\/wp\/v2\/pages"}],"about":[{"href":"https:\/\/green-dividend.com\/index.php\/wp-json\/wp\/v2\/types\/page"}],"author":[{"embeddable":true,"href":"https:\/\/green-dividend.com\/index.php\/wp-json\/wp\/v2\/users\/1"}],"replies":[{"embeddable":true,"href":"https:\/\/green-dividend.com\/index.php\/wp-json\/wp\/v2\/comments?post=455"}],"version-history":[{"count":16,"href":"https:\/\/green-dividend.com\/index.php\/wp-json\/wp\/v2\/pages\/455\/revisions"}],"predecessor-version":[{"id":747,"href":"https:\/\/green-dividend.com\/index.php\/wp-json\/wp\/v2\/pages\/455\/revisions\/747"}],"wp:attachment":[{"href":"https:\/\/green-dividend.com\/index.php\/wp-json\/wp\/v2\/media?parent=455"}],"curies":[{"name":"wp","href":"https:\/\/api.w.org\/{rel}","templated":true}]}}