{"id":471,"date":"2020-03-05T16:39:43","date_gmt":"2020-03-05T16:39:43","guid":{"rendered":"https:\/\/green-dividend.com\/index.php\/gruene-dividend-wie-funktioniert-es\/"},"modified":"2021-03-04T08:43:12","modified_gmt":"2021-03-04T08:43:12","slug":"gruene-dividend-wie-funktioniert-es","status":"publish","type":"page","link":"https:\/\/green-dividend.com\/index.php\/gruene-dividend-wie-funktioniert-es\/?lang=de","title":{"rendered":"Grune Dividend : Wie funktioniert es"},"content":{"rendered":"<div id=\"cs-content\" class=\"cs-content\"><\/div>\n","protected":false},"excerpt":{"rendered":"<p>WIEFUNKTIONIERT ES?1. DIE GESELLSCHAFT IDENTIFIZIERT PROJEKTE, DIE ALLEIN NACH FINANZIELLEN KRITERIENFINANZIERT WERDEN W\u00dcRDEN.2. DIE PROJEKTE UND DEREN VORGESTELL WERDEN DEN AKTION\u00c4REN IN DER HAUPTVERSAMMLUNG 3. DIE AKTION\u00c4RE K\u00d6NNEN DIE DURCHF\u00dcHRUNG DIESER PROJEKTE DURCH DIE GESELLSCHAFT ABSTIMMEN.OPTION 1 Die Aktion\u00e4re beschlie\u00dfen, die Projekte nicht zu realisieren Ablehnung der Projekte Die Projekte werden von der Gesellschaft nicht umgesetzt. Die Gesellschaft wird auf &#8230; <a href=\"https:\/\/green-dividend.com\/index.php\/gruene-dividend-wie-funktioniert-es\/?lang=de\" class=\"more-link\">Read More<\/a><\/p>\n","protected":false},"author":1,"featured_media":0,"parent":0,"menu_order":0,"comment_status":"closed","ping_status":"closed","template":"template-blank-4.php","meta":{"rs_blank_template":"","rs_page_bg_color":"#ffffff","slide_template_v7":"","footnotes":""},"class_list":["post-471","page","type-page","status-publish","hentry","no-post-thumbnail"],"_links":{"self":[{"href":"https:\/\/green-dividend.com\/index.php\/wp-json\/wp\/v2\/pages\/471","targetHints":{"allow":["GET"]}}],"collection":[{"href":"https:\/\/green-dividend.com\/index.php\/wp-json\/wp\/v2\/pages"}],"about":[{"href":"https:\/\/green-dividend.com\/index.php\/wp-json\/wp\/v2\/types\/page"}],"author":[{"embeddable":true,"href":"https:\/\/green-dividend.com\/index.php\/wp-json\/wp\/v2\/users\/1"}],"replies":[{"embeddable":true,"href":"https:\/\/green-dividend.com\/index.php\/wp-json\/wp\/v2\/comments?post=471"}],"version-history":[{"count":54,"href":"https:\/\/green-dividend.com\/index.php\/wp-json\/wp\/v2\/pages\/471\/revisions"}],"predecessor-version":[{"id":917,"href":"https:\/\/green-dividend.com\/index.php\/wp-json\/wp\/v2\/pages\/471\/revisions\/917"}],"wp:attachment":[{"href":"https:\/\/green-dividend.com\/index.php\/wp-json\/wp\/v2\/media?parent=471"}],"curies":[{"name":"wp","href":"https:\/\/api.w.org\/{rel}","templated":true}]}}