{"id":702,"date":"2021-02-26T17:18:14","date_gmt":"2021-02-26T17:18:14","guid":{"rendered":"https:\/\/green-dividend.com\/?page_id=702"},"modified":"2021-03-05T10:35:24","modified_gmt":"2021-03-05T10:35:24","slug":"solar-2021-de","status":"publish","type":"page","link":"https:\/\/green-dividend.com\/index.php\/project-2021-de\/solar-2021-de\/?lang=de","title":{"rendered":"Solarenergie"},"content":{"rendered":"<div id=\"cs-content\" class=\"cs-content\"><\/div>\n","protected":false},"excerpt":{"rendered":"<p>Installation von bis zu 900 kWp-Solaranlagen auf alstrias Geb\u00e4uden &#x25b8; Warum ist das wichtig?Solarstrom passt zu B\u00fcrogeb\u00e4uden, da diese normalerweise tags\u00fcber betrieben werden, wenn Solarstrom verf\u00fcgbar ist, und nachts leer stehen, wenn kein Strom erzeugt wird. D\u00e4cher bieten den richtigen Ort f\u00fcr die Erzeugung von Solarstrom. Dar\u00fcber hinaus werden durch die Erzeugung von Energie am oder in der N\u00e4he des &#8230; <a href=\"https:\/\/green-dividend.com\/index.php\/project-2021-de\/solar-2021-de\/?lang=de\" class=\"more-link\">Read More<\/a><\/p>\n","protected":false},"author":1,"featured_media":0,"parent":726,"menu_order":0,"comment_status":"closed","ping_status":"closed","template":"","meta":{"rs_blank_template":"","rs_page_bg_color":"","slide_template_v7":"","footnotes":""},"class_list":["post-702","page","type-page","status-publish","hentry","no-post-thumbnail"],"_links":{"self":[{"href":"https:\/\/green-dividend.com\/index.php\/wp-json\/wp\/v2\/pages\/702","targetHints":{"allow":["GET"]}}],"collection":[{"href":"https:\/\/green-dividend.com\/index.php\/wp-json\/wp\/v2\/pages"}],"about":[{"href":"https:\/\/green-dividend.com\/index.php\/wp-json\/wp\/v2\/types\/page"}],"author":[{"embeddable":true,"href":"https:\/\/green-dividend.com\/index.php\/wp-json\/wp\/v2\/users\/1"}],"replies":[{"embeddable":true,"href":"https:\/\/green-dividend.com\/index.php\/wp-json\/wp\/v2\/comments?post=702"}],"version-history":[{"count":10,"href":"https:\/\/green-dividend.com\/index.php\/wp-json\/wp\/v2\/pages\/702\/revisions"}],"predecessor-version":[{"id":942,"href":"https:\/\/green-dividend.com\/index.php\/wp-json\/wp\/v2\/pages\/702\/revisions\/942"}],"up":[{"embeddable":true,"href":"https:\/\/green-dividend.com\/index.php\/wp-json\/wp\/v2\/pages\/726"}],"wp:attachment":[{"href":"https:\/\/green-dividend.com\/index.php\/wp-json\/wp\/v2\/media?parent=702"}],"curies":[{"name":"wp","href":"https:\/\/api.w.org\/{rel}","templated":true}]}}