{"id":715,"date":"2021-02-26T18:52:40","date_gmt":"2021-02-26T18:52:40","guid":{"rendered":"https:\/\/green-dividend.com\/?page_id=715"},"modified":"2021-03-05T10:43:12","modified_gmt":"2021-03-05T10:43:12","slug":"removal-2021-de","status":"publish","type":"page","link":"https:\/\/green-dividend.com\/index.php\/project-2021-de\/removal-2021-de\/?lang=de","title":{"rendered":"Kohlenstoffentfernung"},"content":{"rendered":"<div id=\"cs-content\" class=\"cs-content\"><\/div>\n","protected":false},"excerpt":{"rendered":"<p>Finanzierung von fr\u00fcher Forschung und Konzeptvalidierung f\u00fcr Projekte zur CO2-Entfernung in H\u00f6he von bis zu 750 TEUR Net-Zero-Immobilie = Kompensation In der Whole-Life-Cycle-Vision des World Green Building Councils hei\u00dft es: &#8220;WorldGBC erkennt an, dass Net-Zero-Immobilien, d.h. Geb\u00e4ude, die 100 % ihres Energiebedarfs vor Ort erzeugen, in den meisten Situationen nicht realisierbar sind und, dass dies als Teil eines Gesamtlebenszyklus-Ansatzes zur &#8230; <a href=\"https:\/\/green-dividend.com\/index.php\/project-2021-de\/removal-2021-de\/?lang=de\" class=\"more-link\">Read More<\/a><\/p>\n","protected":false},"author":1,"featured_media":0,"parent":726,"menu_order":0,"comment_status":"closed","ping_status":"closed","template":"","meta":{"rs_blank_template":"","rs_page_bg_color":"","slide_template_v7":"","footnotes":""},"class_list":["post-715","page","type-page","status-publish","hentry","no-post-thumbnail"],"_links":{"self":[{"href":"https:\/\/green-dividend.com\/index.php\/wp-json\/wp\/v2\/pages\/715","targetHints":{"allow":["GET"]}}],"collection":[{"href":"https:\/\/green-dividend.com\/index.php\/wp-json\/wp\/v2\/pages"}],"about":[{"href":"https:\/\/green-dividend.com\/index.php\/wp-json\/wp\/v2\/types\/page"}],"author":[{"embeddable":true,"href":"https:\/\/green-dividend.com\/index.php\/wp-json\/wp\/v2\/users\/1"}],"replies":[{"embeddable":true,"href":"https:\/\/green-dividend.com\/index.php\/wp-json\/wp\/v2\/comments?post=715"}],"version-history":[{"count":4,"href":"https:\/\/green-dividend.com\/index.php\/wp-json\/wp\/v2\/pages\/715\/revisions"}],"predecessor-version":[{"id":944,"href":"https:\/\/green-dividend.com\/index.php\/wp-json\/wp\/v2\/pages\/715\/revisions\/944"}],"up":[{"embeddable":true,"href":"https:\/\/green-dividend.com\/index.php\/wp-json\/wp\/v2\/pages\/726"}],"wp:attachment":[{"href":"https:\/\/green-dividend.com\/index.php\/wp-json\/wp\/v2\/media?parent=715"}],"curies":[{"name":"wp","href":"https:\/\/api.w.org\/{rel}","templated":true}]}}