{"id":726,"date":"2021-03-01T13:59:11","date_gmt":"2021-03-01T13:59:11","guid":{"rendered":"https:\/\/green-dividend.com\/?page_id=726"},"modified":"2021-03-05T10:25:07","modified_gmt":"2021-03-05T10:25:07","slug":"project-2021-de","status":"publish","type":"page","link":"https:\/\/green-dividend.com\/index.php\/project-2021-de\/?lang=de","title":{"rendered":"Projekte f\u00fcr die gr\u00fcne Dividende 2021"},"content":{"rendered":"<div id=\"cs-content\" class=\"cs-content\"><\/div>\n","protected":false},"excerpt":{"rendered":"<p>Verbleibende Zeit auf der Carbonuhr, bevor sie die 1,5\u00b0-Grenze erreicht 00D00H00M00SErzeugung erneuerbarer Energien Um das 1,5\u00b0C-Ziel zu erreichen, muss die Kapazit\u00e4t zur Erzeugung erneuerbarer Energien auf B\u00fcrogeb\u00e4uden erh\u00f6ht werden. Dies ist jedoch heute in Deutschland finanziell nicht realisierbar. Hier mehr erfahren\u00a0Projekt zur CO2-Entfernung Die Immobilienwirtschaft muss die Entwicklung von Technologien zur CO2-Entfernung unterst\u00fctzen, die es ihr erm\u00f6glichen, ihren Teil auf &#8230; <a href=\"https:\/\/green-dividend.com\/index.php\/project-2021-de\/?lang=de\" class=\"more-link\">Read More<\/a><\/p>\n","protected":false},"author":1,"featured_media":0,"parent":0,"menu_order":0,"comment_status":"closed","ping_status":"closed","template":"","meta":{"rs_blank_template":"","rs_page_bg_color":"","slide_template_v7":"","footnotes":""},"class_list":["post-726","page","type-page","status-publish","hentry","no-post-thumbnail"],"_links":{"self":[{"href":"https:\/\/green-dividend.com\/index.php\/wp-json\/wp\/v2\/pages\/726","targetHints":{"allow":["GET"]}}],"collection":[{"href":"https:\/\/green-dividend.com\/index.php\/wp-json\/wp\/v2\/pages"}],"about":[{"href":"https:\/\/green-dividend.com\/index.php\/wp-json\/wp\/v2\/types\/page"}],"author":[{"embeddable":true,"href":"https:\/\/green-dividend.com\/index.php\/wp-json\/wp\/v2\/users\/1"}],"replies":[{"embeddable":true,"href":"https:\/\/green-dividend.com\/index.php\/wp-json\/wp\/v2\/comments?post=726"}],"version-history":[{"count":10,"href":"https:\/\/green-dividend.com\/index.php\/wp-json\/wp\/v2\/pages\/726\/revisions"}],"predecessor-version":[{"id":940,"href":"https:\/\/green-dividend.com\/index.php\/wp-json\/wp\/v2\/pages\/726\/revisions\/940"}],"wp:attachment":[{"href":"https:\/\/green-dividend.com\/index.php\/wp-json\/wp\/v2\/media?parent=726"}],"curies":[{"name":"wp","href":"https:\/\/api.w.org\/{rel}","templated":true}]}}